{"id":150,"date":"2013-03-20T05:38:16","date_gmt":"2013-03-20T04:38:16","guid":{"rendered":"http:\/\/www.malerbetrieb-camp.de\/www\/?page_id=150"},"modified":"2025-11-27T20:16:43","modified_gmt":"2025-11-27T19:16:43","slug":"uber-uns","status":"publish","type":"page","link":"http:\/\/www.malerbetrieb-camp.de\/","title":{"rendered":"\u00dcber mich"},"content":{"rendered":"<p><strong>Malermeister Marius Camp \u2013 Exklusive Gestaltung mit Meisterqualit\u00e4t<\/strong><\/p>\n<p>Seit meiner erfolgreich absolvierten Meisterpr\u00fcfung im Jahr 2006 in D\u00fcsseldorf \u2013 als einer der Besten meines Jahrgangs \u2013 stehe ich f\u00fcr h\u00f6chste Qualit\u00e4t und kreative L\u00f6sungen im Malerhandwerk.<\/p>\n<p>\ud83c\udfa8 Meine Spezialit\u00e4ten<\/p>\n<p>\u2022 Exklusive und hochwertige Malerarbeiten<br \/>\n\u2022 Kreative Wandgestaltung mit modernen Techniken<br \/>\n\u2022 Lasur- und Spachteltechniken auf h\u00f6chstem Niveau<br \/>\n\u2022 Verarbeitung edler Wandbel\u00e4ge<br \/>\n\u2022 Designbodenbel\u00e4ge f\u00fcr stilvolle Raumkonzepte<\/p>\n<p>\u2728 Mein Anspruch<br \/>\nSaubere, pr\u00e4zise und langlebige Arbeit ist f\u00fcr mich selbstverst\u00e4ndlich. Jede Gestaltung wird individuell auf Ihre W\u00fcnsche abgestimmt \u2013 mit dem Ziel, R\u00e4ume zu schaffen, die nicht nur sch\u00f6n aussehen, sondern Atmosph\u00e4re und Lebensqualit\u00e4t vermitteln.<\/p>\n<p>\ud83e\udd1d Beratung &amp; Umsetzung<br \/>\nIn einem pers\u00f6nlichen Gespr\u00e4ch vor Ort nehme ich mir Zeit f\u00fcr Ihre Ideen und Vorstellungen. Gemeinsam entwickeln wir ein Konzept, dass Ihre W\u00fcnsche mit meinem Fachwissen optimal verbindet.<\/p>\n<p>Lassen Sie sich inspirieren von den vielf\u00e4ltigen M\u00f6glichkeiten moderner Raumgestaltung.<br \/>\nIch freue mich auf Ihre Kontaktaufnahme!<\/p>\n","protected":false},"excerpt":{"rendered":"<p>Malermeister Marius Camp \u2013 Exklusive Gestaltung mit Meisterqualit\u00e4t Seit meiner erfolgreich absolvierten Meisterpr\u00fcfung im Jahr 2006 in D\u00fcsseldorf \u2013 als <span class=\"ellipsis\">&hellip;<\/span> <span class=\"more-link-wrap\"><a href=\"http:\/\/www.malerbetrieb-camp.de\/\" class=\"more-link\"><span>Read More &rarr;<\/span><\/a><\/span><\/p>\n","protected":false},"author":2,"featured_media":0,"parent":0,"menu_order":0,"comment_status":"closed","ping_status":"closed","template":"","meta":[],"_links":{"self":[{"href":"http:\/\/www.malerbetrieb-camp.de\/index.php?rest_route=\/wp\/v2\/pages\/150"}],"collection":[{"href":"http:\/\/www.malerbetrieb-camp.de\/index.php?rest_route=\/wp\/v2\/pages"}],"about":[{"href":"http:\/\/www.malerbetrieb-camp.de\/index.php?rest_route=\/wp\/v2\/types\/page"}],"author":[{"embeddable":true,"href":"http:\/\/www.malerbetrieb-camp.de\/index.php?rest_route=\/wp\/v2\/users\/2"}],"replies":[{"embeddable":true,"href":"http:\/\/www.malerbetrieb-camp.de\/index.php?rest_route=%2Fwp%2Fv2%2Fcomments&post=150"}],"version-history":[{"count":9,"href":"http:\/\/www.malerbetrieb-camp.de\/index.php?rest_route=\/wp\/v2\/pages\/150\/revisions"}],"predecessor-version":[{"id":570,"href":"http:\/\/www.malerbetrieb-camp.de\/index.php?rest_route=\/wp\/v2\/pages\/150\/revisions\/570"}],"wp:attachment":[{"href":"http:\/\/www.malerbetrieb-camp.de\/index.php?rest_route=%2Fwp%2Fv2%2Fmedia&parent=150"}],"curies":[{"name":"wp","href":"https:\/\/api.w.org\/{rel}","templated":true}]}}